{"id":1369,"date":"2020-02-13T13:17:50","date_gmt":"2020-02-13T13:17:50","guid":{"rendered":"http:\/\/migratestore.com\/hallo\/"},"modified":"2023-10-04T10:02:40","modified_gmt":"2023-10-04T10:02:40","slug":"hallo","status":"publish","type":"page","link":"https:\/\/migratestore.com\/de\/","title":{"rendered":"Hallo"},"content":{"rendered":"<div class=\"gb-container gb-container-e6fb72d9\">\n<div class=\"gb-container gb-container-04dab800\">\n<div class=\"gb-container gb-container-5f7eca11\">\n\n<h1 class=\"gb-headline gb-headline-d7ec5711 gb-headline-text\">Mit MigrateStore k\u00f6nnen Sie <mark class=\"gb-highlight\">Ihre WooCommerce-Einstellungen<\/mark> aus Ihren bestehenden Shops <mark class=\"gb-highlight\">exportieren<\/mark> und <mark style=\"background-color:rgba(0, 0, 0, 0)\" class=\"has-inline-color has-accent-3-color\">in Ihre neuen Shops importieren<\/mark><\/h1>\n\n\n\n<h2 class=\"gb-headline gb-headline-0979f164 gb-headline-text\">Sparen Sie Zeit und exportieren Sie mit MigrateStore allgemeine WooCommerce-Einstellungen, Versand, Steueroptionen, E-Mails usw.<\/h2>\n\n\n\n<a class=\"gb-button gb-button-dad4accb gb-button-text\" href=\"https:\/\/wordpress.org\/plugins\/migratestore\/\" target=\"_blank\" rel=\"noopener noreferrer\">PLUGIN HERUNTERLADEN<\/a>\n\n<\/div>\n\n<div class=\"gb-container gb-container-04dbc7f8\">\n\n<figure class=\"gb-block-image gb-block-image-3ea3eca9\"><img decoding=\"async\" class=\"gb-image gb-image-3ea3eca9\" src=\"http:\/\/migratestore.com\/wp-content\/uploads\/2023\/06\/MigrateWoo-2000-%C3%97-2000px.png\" alt=\"\" title=\"MigrateWoo-2000-\u00d7-2000px\"><\/figure>\n\n<\/div>\n<\/div>\n<\/div><div class=\"gb-container gb-container-b44e1693\" id=\"about\">\n<div class=\"gb-container gb-container-4cc1b452\">\n<div class=\"gb-container gb-container-cb50484f\">\n\n<figure class=\"wp-block-image size-large is-resized img\"><img decoding=\"async\" src=\"http:\/\/migratestore.com\/wp-content\/uploads\/2023\/06\/MigrateWoo-2000-&#xD7;-2000px-1024x1024.png\" alt=\"\" class=\"wp-image-1286\" style=\"width:482px;height:482px\" width=\"482\" height=\"482\"\/><\/figure>\n\n<\/div>\n\n<div class=\"gb-container gb-container-6a88897c\">\n\n<h3 class=\"gb-headline gb-headline-8e60e804 gb-headline-text\"><mark style=\"background-color:rgba(0, 0, 0, 0)\" class=\"has-inline-color has-accent-3-color\">Verschwenden<\/mark> Sie keine <mark style=\"background-color:rgba(0, 0, 0, 0)\" class=\"has-inline-color has-accent-3-color\">Zeit<\/mark> mit dem Einrichten von Woo&#8230;<\/h3>\n\n\n\n<p>Stellen Sie sich Folgendes vor: Sie richten einen neuen WooCommerce-Shop ein. Es ist aufregend, aber es gibt viel zu tun. Sie gehen durch den Einrichtungsprozess und haken eine Aufgabe nach der anderen ab. Aber dann st\u00f6\u00dft man an eine Wand &#8211; die Einstellungen.<\/p>\n\n\n\n<p>Allgemeine Einstellungen, Versandzonen (oh, die zahllosen Versandzonen!), Steueroptionen, E-Mail-Einstellungen&#8230; die Liste scheint endlos zu sein. Und es ist nicht nur die schiere Menge an Einstellungen, sondern auch die schiere Komplexit\u00e4t und der Zeitaufwand, der damit einhergeht.<\/p>\n\n\n\n<p>Aber was w\u00e4re, wenn es eine M\u00f6glichkeit g\u00e4be, diesen Prozess zu vereinfachen? Wie w\u00e4re es, wenn Sie die Einstellungen eines bestehenden Gesch\u00e4fts einfach in Ihr neues Gesch\u00e4ft \u00fcbertragen k\u00f6nnten?<\/p>\n\n\n\n<p class=\"gb-headline gb-headline-acd907bf gb-headline-text\">Hier kommt MigrateStore ins Spiel. Es ist Ihr <mark style=\"background-color:rgba(0, 0, 0, 0)\" class=\"has-inline-color has-accent-3-color\">zeitsparendes<\/mark>, <mark style=\"background-color:rgba(0, 0, 0, 0)\" class=\"has-inline-color has-accent-color\">probleml\u00f6sendes<\/mark> und entlastendes Werkzeug.<\/p>\n\n<\/div>\n<\/div>\n<\/div><div class=\"gb-container gb-container-95bcd9bc\" id=\"features\">\n<div class=\"gb-container gb-container-caf743fa\">\n\n<h3 class=\"gb-headline gb-headline-2878c88b gb-headline-text\">Merkmale <mark class=\"gb-highlight\"> und<\/mark> Vorteile.<\/h3>\n\n\n<div class=\"gb-container gb-container-8f69badd\">\n<div class=\"gb-grid-wrapper gb-grid-wrapper-e9969647\">\n<div class=\"gb-grid-column gb-grid-column-67129cb7\"><div class=\"gb-container gb-container-67129cb7\">\n\n<h4 class=\"gb-headline gb-headline-ec0a745a\"><span class=\"gb-icon\"><svg xmlns=\"http:\/\/www.w3.org\/2000\/svg\" viewbox=\"0 0 448 512\" width=\"1em\" height=\"1em\" aria-hidden=\"true\"><path d=\"M352 240v32c0 6.6-5.4 12-12 12h-88v88c0 6.6-5.4 12-12 12h-32c-6.6 0-12-5.4-12-12v-88h-88c-6.6 0-12-5.4-12-12v-32c0-6.6 5.4-12 12-12h88v-88c0-6.6 5.4-12 12-12h32c6.6 0 12 5.4 12 12v88h88c6.6 0 12 5.4 12 12zm96-160v352c0 26.5-21.5 48-48 48H48c-26.5 0-48-21.5-48-48V80c0-26.5 21.5-48 48-48h352c26.5 0 48 21.5 48 48zm-48 346V86c0-3.3-2.7-6-6-6H54c-3.3 0-6 2.7-6 6v340c0 3.3 2.7 6 6 6h340c3.3 0 6-2.7 6-6z\" fill=\"currentColor\"><\/path><\/svg><\/span><span class=\"gb-headline-text\">Versandzonen f\u00fcr Export und Import<\/span><\/h4>\n\n\n\n<p class=\"has-text-color\" style=\"color:#ffffff\"><\/p>\n\n<\/div><\/div>\n\n<div class=\"gb-grid-column gb-grid-column-f7af57e3\"><div class=\"gb-container gb-container-f7af57e3\">\n\n<h4 class=\"gb-headline gb-headline-9578c1fc\"><span class=\"gb-icon\"><svg xmlns=\"http:\/\/www.w3.org\/2000\/svg\" viewbox=\"0 0 448 512\" width=\"1em\" height=\"1em\" aria-hidden=\"true\"><path d=\"M352 240v32c0 6.6-5.4 12-12 12h-88v88c0 6.6-5.4 12-12 12h-32c-6.6 0-12-5.4-12-12v-88h-88c-6.6 0-12-5.4-12-12v-32c0-6.6 5.4-12 12-12h88v-88c0-6.6 5.4-12 12-12h32c6.6 0 12 5.4 12 12v88h88c6.6 0 12 5.4 12 12zm96-160v352c0 26.5-21.5 48-48 48H48c-26.5 0-48-21.5-48-48V80c0-26.5 21.5-48 48-48h352c26.5 0 48 21.5 48 48zm-48 346V86c0-3.3-2.7-6-6-6H54c-3.3 0-6 2.7-6 6v340c0 3.3 2.7 6 6 6h340c3.3 0 6-2.7 6-6z\" fill=\"currentColor\"><\/path><\/svg><\/span><span class=\"gb-headline-text\">Einstellungen zum Exportieren und Importieren von E-Mails<\/span><\/h4>\n\n\n\n<p class=\"has-text-color\" style=\"color:#ffffff\"><\/p>\n\n<\/div><\/div>\n\n<div class=\"gb-grid-column gb-grid-column-8fb3d0ec\"><div class=\"gb-container gb-container-8fb3d0ec\">\n\n<h4 class=\"gb-headline gb-headline-3cfde1cc\"><span class=\"gb-icon\"><svg xmlns=\"http:\/\/www.w3.org\/2000\/svg\" viewbox=\"0 0 448 512\" width=\"1em\" height=\"1em\" aria-hidden=\"true\"><path d=\"M352 240v32c0 6.6-5.4 12-12 12h-88v88c0 6.6-5.4 12-12 12h-32c-6.6 0-12-5.4-12-12v-88h-88c-6.6 0-12-5.4-12-12v-32c0-6.6 5.4-12 12-12h88v-88c0-6.6 5.4-12 12-12h32c6.6 0 12 5.4 12 12v88h88c6.6 0 12 5.4 12 12zm96-160v352c0 26.5-21.5 48-48 48H48c-26.5 0-48-21.5-48-48V80c0-26.5 21.5-48 48-48h352c26.5 0 48 21.5 48 48zm-48 346V86c0-3.3-2.7-6-6-6H54c-3.3 0-6 2.7-6 6v340c0 3.3 2.7 6 6 6h340c3.3 0 6-2.7 6-6z\" fill=\"currentColor\"><\/path><\/svg><\/span><span class=\"gb-headline-text\">Exportieren und Importieren von Konten und Datenschutzoptionen<\/span><\/h4>\n\n\n\n<p class=\"has-text-color\" style=\"color:#ffffff\"><\/p>\n\n<\/div><\/div>\n\n<div class=\"gb-grid-column gb-grid-column-79cb68d6\"><div class=\"gb-container gb-container-79cb68d6\">\n\n<h4 class=\"gb-headline gb-headline-7afbedb7\"><span class=\"gb-icon\"><svg xmlns=\"http:\/\/www.w3.org\/2000\/svg\" viewbox=\"0 0 448 512\" width=\"1em\" height=\"1em\" aria-hidden=\"true\"><path d=\"M352 240v32c0 6.6-5.4 12-12 12h-88v88c0 6.6-5.4 12-12 12h-32c-6.6 0-12-5.4-12-12v-88h-88c-6.6 0-12-5.4-12-12v-32c0-6.6 5.4-12 12-12h88v-88c0-6.6 5.4-12 12-12h32c6.6 0 12 5.4 12 12v88h88c6.6 0 12 5.4 12 12zm96-160v352c0 26.5-21.5 48-48 48H48c-26.5 0-48-21.5-48-48V80c0-26.5 21.5-48 48-48h352c26.5 0 48 21.5 48 48zm-48 346V86c0-3.3-2.7-6-6-6H54c-3.3 0-6 2.7-6 6v340c0 3.3 2.7 6 6 6h340c3.3 0 6-2.7 6-6z\" fill=\"currentColor\"><\/path><\/svg><\/span><span class=\"gb-headline-text\">Exportieren und Importieren Sie jede Einstellung in Woo!<\/span><\/h4>\n\n\n\n<p class=\"has-text-color\" style=\"color:#ffffff\"><\/p>\n\n<\/div><\/div>\n<\/div>\n<\/div>\n<\/div>\n<\/div><div class=\"gb-container gb-container-d0913f1a\" id=\"contact\">\n<div class=\"gb-container gb-container-35ab5819\">\n\n<h3 class=\"gb-headline gb-headline-1d57f268 gb-headline-text\">Worauf warten Sie noch? Holen Sie sich das Plugin noch heute <mark class=\"gb-highlight\">kostenlos<\/mark>.<\/h3>\n\n\n\n<h4 class=\"gb-headline gb-headline-3f2e4a85 gb-headline-text\">Sie haben Fragen? Schicken Sie uns eine E-Mail an hi@migratestore.com<\/h4>\n\n\n<div class=\"gb-container gb-container-52ed0b18\">\n\n<a class=\"gb-button gb-button-52829ed8 gb-button-text\" href=\"https:\/\/wordpress.org\/plugins\/migratestore\/\" target=\"_blank\" rel=\"noopener noreferrer\">PLUGIN HERUNTERLADEN<\/a>\n\n<\/div>\n<\/div>\n<\/div>","protected":false},"excerpt":{"rendered":"<p>Mit MigrateStore k\u00f6nnen Sie Ihre WooCommerce-Einstellungen aus Ihren bestehenden Shops exportieren und in Ihre neuen Shops importieren Sparen Sie Zeit und exportieren Sie mit MigrateStore allgemeine WooCommerce-Einstellungen, Versand, Steueroptionen, E-Mails usw. Verschwenden Sie keine Zeit mit dem Einrichten von Woo&#8230; Stellen Sie sich Folgendes vor: Sie richten einen neuen WooCommerce-Shop ein. Es ist aufregend, aber &#8230; <a title=\"Hallo\" class=\"read-more\" href=\"https:\/\/migratestore.com\/de\/\" aria-label=\"Mehr zu Hallo\">Read more<\/a><\/p>\n","protected":false},"author":1,"featured_media":0,"parent":0,"menu_order":0,"comment_status":"closed","ping_status":"closed","template":"","meta":{"footnotes":""},"class_list":["post-1369","page","type-page","status-publish"],"_links":{"self":[{"href":"https:\/\/migratestore.com\/de\/wp-json\/wp\/v2\/pages\/1369","targetHints":{"allow":["GET"]}}],"collection":[{"href":"https:\/\/migratestore.com\/de\/wp-json\/wp\/v2\/pages"}],"about":[{"href":"https:\/\/migratestore.com\/de\/wp-json\/wp\/v2\/types\/page"}],"author":[{"embeddable":true,"href":"https:\/\/migratestore.com\/de\/wp-json\/wp\/v2\/users\/1"}],"replies":[{"embeddable":true,"href":"https:\/\/migratestore.com\/de\/wp-json\/wp\/v2\/comments?post=1369"}],"version-history":[{"count":2,"href":"https:\/\/migratestore.com\/de\/wp-json\/wp\/v2\/pages\/1369\/revisions"}],"predecessor-version":[{"id":1375,"href":"https:\/\/migratestore.com\/de\/wp-json\/wp\/v2\/pages\/1369\/revisions\/1375"}],"wp:attachment":[{"href":"https:\/\/migratestore.com\/de\/wp-json\/wp\/v2\/media?parent=1369"}],"curies":[{"name":"wp","href":"https:\/\/api.w.org\/{rel}","templated":true}]}}