{"id":1367,"date":"2020-02-13T13:17:50","date_gmt":"2020-02-13T13:17:50","guid":{"rendered":"http:\/\/migratestore.com\/hola\/"},"modified":"2023-10-04T10:02:10","modified_gmt":"2023-10-04T10:02:10","slug":"hola","status":"publish","type":"page","link":"https:\/\/migratestore.com\/es\/","title":{"rendered":"Hola"},"content":{"rendered":"<div class=\"gb-container gb-container-e6fb72d9\">\n<div class=\"gb-container gb-container-04dab800\">\n<div class=\"gb-container gb-container-5f7eca11\">\n\n<h1 class=\"gb-headline gb-headline-d7ec5711 gb-headline-text\">Con MigrateStore, puedes <mark class=\"gb-highlight\">exportar la configuraci\u00f3n de WooCommerce<\/mark> de tus tiendas existentes e <mark style=\"background-color:rgba(0, 0, 0, 0)\" class=\"has-inline-color has-accent-3-color\">importarla a las nuevas<\/mark>.<\/h1>\n\n\n\n<h2 class=\"gb-headline gb-headline-0979f164 gb-headline-text\">Ahorra tu tiempo y utiliza MigrateStore para exportar, Configuraci\u00f3n General de WooCommerce, Env\u00edos, Opciones de Impuestos, Emails, etc.<\/h2>\n\n\n\n<a class=\"gb-button gb-button-dad4accb gb-button-text\" href=\"https:\/\/wordpress.org\/plugins\/migratestore\/\" target=\"_blank\" rel=\"noopener noreferrer\">DESCARGAR PLUGIN<\/a>\n\n<\/div>\n\n<div class=\"gb-container gb-container-04dbc7f8\">\n\n<figure class=\"gb-block-image gb-block-image-3ea3eca9\"><img decoding=\"async\" class=\"gb-image gb-image-3ea3eca9\" src=\"http:\/\/migratestore.com\/wp-content\/uploads\/2023\/06\/MigrateWoo-2000-%C3%97-2000px.png\" alt=\"\" title=\"MigrateWoo-2000-\u00d7-2000px\"><\/figure>\n\n<\/div>\n<\/div>\n<\/div><div class=\"gb-container gb-container-b44e1693\" id=\"about\">\n<div class=\"gb-container gb-container-4cc1b452\">\n<div class=\"gb-container gb-container-cb50484f\">\n\n<figure class=\"wp-block-image size-large is-resized img\"><img decoding=\"async\" src=\"http:\/\/migratestore.com\/wp-content\/uploads\/2023\/06\/MigrateWoo-2000-&#xD7;-2000px-1024x1024.png\" alt=\"\" class=\"wp-image-1286\" style=\"width:482px;height:482px\" width=\"482\" height=\"482\"\/><\/figure>\n\n<\/div>\n\n<div class=\"gb-container gb-container-6a88897c\">\n\n<h3 class=\"gb-headline gb-headline-8e60e804 gb-headline-text\">No <mark style=\"background-color:rgba(0, 0, 0, 0)\" class=\"has-inline-color has-accent-3-color\">pierda<\/mark> el tiempo instalando Woo..<\/h3>\n\n\n\n<p>Imagina esto: est\u00e1s creando una nueva tienda WooCommerce. Es emocionante, pero hay mucho que hacer. Est\u00e1s llevando a cabo el proceso de configuraci\u00f3n, tachando las tareas una a una. Pero entonces, te topas con un muro: los ajustes.<\/p>\n\n\n\n<p>Configuraci\u00f3n general, zonas de env\u00edo (\u00a1oh, las innumerables zonas de env\u00edo!), opciones de impuestos, configuraci\u00f3n del correo electr\u00f3nico&#8230; parece que la lista es interminable. Y no se trata s\u00f3lo del volumen de configuraciones, sino de la enorme complejidad y consumo de tiempo que conllevan.<\/p>\n\n\n\n<p>Pero, \u00bfy si hubiera una forma de facilitar este proceso? \u00bfY si pudiera trasladar la configuraci\u00f3n de una tienda existente a la nueva?<\/p>\n\n\n\n<p class=\"gb-headline gb-headline-acd907bf gb-headline-text\">Ah\u00ed es donde entra MigrateStore. Es la herramienta que <mark style=\"background-color:rgba(0, 0, 0, 0)\" class=\"has-inline-color has-accent-3-color\">te ahorrar\u00e1 tiempo<\/mark>, te <mark style=\"background-color:rgba(0, 0, 0, 0)\" class=\"has-inline-color has-accent-color\">evitar\u00e1 problemas<\/mark> y te aliviar\u00e1 el estr\u00e9s.<\/p>\n\n<\/div>\n<\/div>\n<\/div><div class=\"gb-container gb-container-95bcd9bc\" id=\"features\">\n<div class=\"gb-container gb-container-caf743fa\">\n\n<h3 class=\"gb-headline gb-headline-2878c88b gb-headline-text\">Caracter\u00edsticas <mark class=\"gb-highlight\"> y<\/mark> ventajas.<\/h3>\n\n\n<div class=\"gb-container gb-container-8f69badd\">\n<div class=\"gb-grid-wrapper gb-grid-wrapper-e9969647\">\n<div class=\"gb-grid-column gb-grid-column-67129cb7\"><div class=\"gb-container gb-container-67129cb7\">\n\n<h4 class=\"gb-headline gb-headline-ec0a745a\"><span class=\"gb-icon\"><svg xmlns=\"http:\/\/www.w3.org\/2000\/svg\" viewbox=\"0 0 448 512\" width=\"1em\" height=\"1em\" aria-hidden=\"true\"><path d=\"M352 240v32c0 6.6-5.4 12-12 12h-88v88c0 6.6-5.4 12-12 12h-32c-6.6 0-12-5.4-12-12v-88h-88c-6.6 0-12-5.4-12-12v-32c0-6.6 5.4-12 12-12h88v-88c0-6.6 5.4-12 12-12h32c6.6 0 12 5.4 12 12v88h88c6.6 0 12 5.4 12 12zm96-160v352c0 26.5-21.5 48-48 48H48c-26.5 0-48-21.5-48-48V80c0-26.5 21.5-48 48-48h352c26.5 0 48 21.5 48 48zm-48 346V86c0-3.3-2.7-6-6-6H54c-3.3 0-6 2.7-6 6v340c0 3.3 2.7 6 6 6h340c3.3 0 6-2.7 6-6z\" fill=\"currentColor\"><\/path><\/svg><\/span><span class=\"gb-headline-text\">Zonas francas de exportaci\u00f3n e importaci\u00f3n<\/span><\/h4>\n\n\n\n<p class=\"has-text-color\" style=\"color:#ffffff\"><\/p>\n\n<\/div><\/div>\n\n<div class=\"gb-grid-column gb-grid-column-f7af57e3\"><div class=\"gb-container gb-container-f7af57e3\">\n\n<h4 class=\"gb-headline gb-headline-9578c1fc\"><span class=\"gb-icon\"><svg xmlns=\"http:\/\/www.w3.org\/2000\/svg\" viewbox=\"0 0 448 512\" width=\"1em\" height=\"1em\" aria-hidden=\"true\"><path d=\"M352 240v32c0 6.6-5.4 12-12 12h-88v88c0 6.6-5.4 12-12 12h-32c-6.6 0-12-5.4-12-12v-88h-88c-6.6 0-12-5.4-12-12v-32c0-6.6 5.4-12 12-12h88v-88c0-6.6 5.4-12 12-12h32c6.6 0 12 5.4 12 12v88h88c6.6 0 12 5.4 12 12zm96-160v352c0 26.5-21.5 48-48 48H48c-26.5 0-48-21.5-48-48V80c0-26.5 21.5-48 48-48h352c26.5 0 48 21.5 48 48zm-48 346V86c0-3.3-2.7-6-6-6H54c-3.3 0-6 2.7-6 6v340c0 3.3 2.7 6 6 6h340c3.3 0 6-2.7 6-6z\" fill=\"currentColor\"><\/path><\/svg><\/span><span class=\"gb-headline-text\">Configuraci\u00f3n de exportaci\u00f3n e importaci\u00f3n de correos electr\u00f3nicos<\/span><\/h4>\n\n\n\n<p class=\"has-text-color\" style=\"color:#ffffff\"><\/p>\n\n<\/div><\/div>\n\n<div class=\"gb-grid-column gb-grid-column-8fb3d0ec\"><div class=\"gb-container gb-container-8fb3d0ec\">\n\n<h4 class=\"gb-headline gb-headline-3cfde1cc\"><span class=\"gb-icon\"><svg xmlns=\"http:\/\/www.w3.org\/2000\/svg\" viewbox=\"0 0 448 512\" width=\"1em\" height=\"1em\" aria-hidden=\"true\"><path d=\"M352 240v32c0 6.6-5.4 12-12 12h-88v88c0 6.6-5.4 12-12 12h-32c-6.6 0-12-5.4-12-12v-88h-88c-6.6 0-12-5.4-12-12v-32c0-6.6 5.4-12 12-12h88v-88c0-6.6 5.4-12 12-12h32c6.6 0 12 5.4 12 12v88h88c6.6 0 12 5.4 12 12zm96-160v352c0 26.5-21.5 48-48 48H48c-26.5 0-48-21.5-48-48V80c0-26.5 21.5-48 48-48h352c26.5 0 48 21.5 48 48zm-48 346V86c0-3.3-2.7-6-6-6H54c-3.3 0-6 2.7-6 6v340c0 3.3 2.7 6 6 6h340c3.3 0 6-2.7 6-6z\" fill=\"currentColor\"><\/path><\/svg><\/span><span class=\"gb-headline-text\">Exportaci\u00f3n e importaci\u00f3n de cuentas y opciones de privacidad<\/span><\/h4>\n\n\n\n<p class=\"has-text-color\" style=\"color:#ffffff\"><\/p>\n\n<\/div><\/div>\n\n<div class=\"gb-grid-column gb-grid-column-79cb68d6\"><div class=\"gb-container gb-container-79cb68d6\">\n\n<h4 class=\"gb-headline gb-headline-7afbedb7\"><span class=\"gb-icon\"><svg xmlns=\"http:\/\/www.w3.org\/2000\/svg\" viewbox=\"0 0 448 512\" width=\"1em\" height=\"1em\" aria-hidden=\"true\"><path d=\"M352 240v32c0 6.6-5.4 12-12 12h-88v88c0 6.6-5.4 12-12 12h-32c-6.6 0-12-5.4-12-12v-88h-88c-6.6 0-12-5.4-12-12v-32c0-6.6 5.4-12 12-12h88v-88c0-6.6 5.4-12 12-12h32c6.6 0 12 5.4 12 12v88h88c6.6 0 12 5.4 12 12zm96-160v352c0 26.5-21.5 48-48 48H48c-26.5 0-48-21.5-48-48V80c0-26.5 21.5-48 48-48h352c26.5 0 48 21.5 48 48zm-48 346V86c0-3.3-2.7-6-6-6H54c-3.3 0-6 2.7-6 6v340c0 3.3 2.7 6 6 6h340c3.3 0 6-2.7 6-6z\" fill=\"currentColor\"><\/path><\/svg><\/span><span class=\"gb-headline-text\">\u00a1Exporta e importa todos los ajustes de Woo!<\/span><\/h4>\n\n\n\n<p class=\"has-text-color\" style=\"color:#ffffff\"><\/p>\n\n<\/div><\/div>\n<\/div>\n<\/div>\n<\/div>\n<\/div><div class=\"gb-container gb-container-d0913f1a\" id=\"contact\">\n<div class=\"gb-container gb-container-35ab5819\">\n\n<h3 class=\"gb-headline gb-headline-1d57f268 gb-headline-text\">\u00bfA qu\u00e9 espera? Consigue el plugin hoy mismo <mark class=\"gb-highlight\">de forma gratuita<\/mark>.<\/h3>\n\n\n\n<h4 class=\"gb-headline gb-headline-3f2e4a85 gb-headline-text\">\u00bfTiene alguna pregunta? Env\u00edenos un correo electr\u00f3nico a hi@migratestore.com<\/h4>\n\n\n<div class=\"gb-container gb-container-52ed0b18\">\n\n<a class=\"gb-button gb-button-52829ed8 gb-button-text\" href=\"https:\/\/wordpress.org\/plugins\/migratestore\/\" target=\"_blank\" rel=\"noopener noreferrer\">DESCARGAR PLUGIN<\/a>\n\n<\/div>\n<\/div>\n<\/div>","protected":false},"excerpt":{"rendered":"<p>Con MigrateStore, puedes exportar la configuraci\u00f3n de WooCommerce de tus tiendas existentes e importarla a las nuevas. Ahorra tu tiempo y utiliza MigrateStore para exportar, Configuraci\u00f3n General de WooCommerce, Env\u00edos, Opciones de Impuestos, Emails, etc. No pierda el tiempo instalando Woo.. Imagina esto: est\u00e1s creando una nueva tienda WooCommerce. Es emocionante, pero hay mucho que &#8230; <a title=\"Hola\" class=\"read-more\" href=\"https:\/\/migratestore.com\/es\/\" aria-label=\"M\u00e1s en Hola\">Read more<\/a><\/p>\n","protected":false},"author":1,"featured_media":0,"parent":0,"menu_order":0,"comment_status":"closed","ping_status":"closed","template":"","meta":{"footnotes":""},"class_list":["post-1367","page","type-page","status-publish"],"_links":{"self":[{"href":"https:\/\/migratestore.com\/es\/wp-json\/wp\/v2\/pages\/1367","targetHints":{"allow":["GET"]}}],"collection":[{"href":"https:\/\/migratestore.com\/es\/wp-json\/wp\/v2\/pages"}],"about":[{"href":"https:\/\/migratestore.com\/es\/wp-json\/wp\/v2\/types\/page"}],"author":[{"embeddable":true,"href":"https:\/\/migratestore.com\/es\/wp-json\/wp\/v2\/users\/1"}],"replies":[{"embeddable":true,"href":"https:\/\/migratestore.com\/es\/wp-json\/wp\/v2\/comments?post=1367"}],"version-history":[{"count":2,"href":"https:\/\/migratestore.com\/es\/wp-json\/wp\/v2\/pages\/1367\/revisions"}],"predecessor-version":[{"id":1372,"href":"https:\/\/migratestore.com\/es\/wp-json\/wp\/v2\/pages\/1367\/revisions\/1372"}],"wp:attachment":[{"href":"https:\/\/migratestore.com\/es\/wp-json\/wp\/v2\/media?parent=1367"}],"curies":[{"name":"wp","href":"https:\/\/api.w.org\/{rel}","templated":true}]}}