{"id":1368,"date":"2020-02-13T13:17:50","date_gmt":"2020-02-13T13:17:50","guid":{"rendered":"http:\/\/migratestore.com\/bonjour\/"},"modified":"2023-10-04T09:58:46","modified_gmt":"2023-10-04T09:58:46","slug":"bonjour","status":"publish","type":"page","link":"https:\/\/migratestore.com\/fr\/","title":{"rendered":"Bonjour"},"content":{"rendered":"<div class=\"gb-container gb-container-e6fb72d9\">\n<div class=\"gb-container gb-container-04dab800\">\n<div class=\"gb-container gb-container-5f7eca11\">\n\n<h1 class=\"gb-headline gb-headline-d7ec5711 gb-headline-text\">Avec MigrateStore, vous pouvez <mark class=\"gb-highlight\">exporter vos param\u00e8tres WooCommerce<\/mark> de vos boutiques existantes et <mark style=\"background-color:rgba(0, 0, 0, 0)\" class=\"has-inline-color has-accent-3-color\">les importer dans vos nouvelles<\/mark> boutiques.<\/h1>\n\n\n\n<h2 class=\"gb-headline gb-headline-0979f164 gb-headline-text\">Gagnez du temps et utilisez MigrateStore pour exporter les param\u00e8tres g\u00e9n\u00e9raux de WooCommerce, les options d&rsquo;exp\u00e9dition et de taxe, les e-mails, etc.<\/h2>\n\n\n\n<a class=\"gb-button gb-button-dad4accb gb-button-text\" href=\"https:\/\/wordpress.org\/plugins\/migratestore\/\" target=\"_blank\" rel=\"noopener noreferrer\">PLUGIN DE T\u00c9L\u00c9CHARGEMENT<\/a>\n\n<\/div>\n\n<div class=\"gb-container gb-container-04dbc7f8\">\n\n<figure class=\"gb-block-image gb-block-image-3ea3eca9\"><img decoding=\"async\" class=\"gb-image gb-image-3ea3eca9\" src=\"http:\/\/migratestore.com\/wp-content\/uploads\/2023\/06\/MigrateWoo-2000-%C3%97-2000px.png\" alt=\"\" title=\"MigrateWoo-2000-\u00d7-2000px\"\/><\/figure>\n\n<\/div>\n<\/div>\n<\/div>\n\n<div class=\"gb-container gb-container-b44e1693\" id=\"about\">\n<div class=\"gb-container gb-container-4cc1b452\">\n<div class=\"gb-container gb-container-cb50484f\">\n\n<figure class=\"wp-block-image size-large is-resized img\"><img decoding=\"async\" src=\"http:\/\/migratestore.com\/wp-content\/uploads\/2023\/06\/MigrateWoo-2000-\u00d7-2000px-1024x1024.png\" alt=\"\" class=\"wp-image-1286\" style=\"width:482px;height:482px\" width=\"482\" height=\"482\" srcset=\"https:\/\/migratestore.com\/wp-content\/uploads\/2023\/06\/MigrateWoo-2000-\u00d7-2000px-1024x1024.png 1024w, https:\/\/migratestore.com\/wp-content\/uploads\/2023\/06\/MigrateWoo-2000-\u00d7-2000px-300x300.png 300w, https:\/\/migratestore.com\/wp-content\/uploads\/2023\/06\/MigrateWoo-2000-\u00d7-2000px-150x150.png 150w, https:\/\/migratestore.com\/wp-content\/uploads\/2023\/06\/MigrateWoo-2000-\u00d7-2000px-768x768.png 768w, https:\/\/migratestore.com\/wp-content\/uploads\/2023\/06\/MigrateWoo-2000-\u00d7-2000px-1536x1536.png 1536w, https:\/\/migratestore.com\/wp-content\/uploads\/2023\/06\/MigrateWoo-2000-\u00d7-2000px-2048x2048.png 2048w\" sizes=\"(max-width: 482px) 100vw, 482px\" \/><\/figure>\n\n<\/div>\n\n<div class=\"gb-container gb-container-6a88897c\">\n\n<h3 class=\"gb-headline gb-headline-8e60e804 gb-headline-text\">Ne <mark style=\"background-color:rgba(0, 0, 0, 0)\" class=\"has-inline-color has-accent-3-color\">perdez pas de temps<\/mark> \u00e0 mettre en place Woo&#8230;<\/h3>\n\n\n\n<p>Imaginez : vous cr\u00e9ez une nouvelle boutique WooCommerce. C&rsquo;est passionnant, mais il y a beaucoup \u00e0 faire. Vous passez par le processus d&rsquo;installation, en cochant les t\u00e2ches les unes apr\u00e8s les autres. Mais vous vous heurtez \u00e0 un mur : les param\u00e8tres.<\/p>\n\n\n\n<p>Param\u00e8tres g\u00e9n\u00e9raux, zones d&rsquo;exp\u00e9dition (oh, les innombrables zones d&rsquo;exp\u00e9dition !), options fiscales, configuration de l&rsquo;e-mail&#8230; la liste semble interminable. Et ce n&rsquo;est pas seulement le volume de param\u00e8tres, mais aussi la complexit\u00e9 et la perte de temps qui en d\u00e9coulent.<\/p>\n\n\n\n<p>Et s&rsquo;il existait un moyen de faciliter ce processus ? Et si vous pouviez simplement transf\u00e9rer les param\u00e8tres d&rsquo;un magasin existant vers votre nouveau magasin ?<\/p>\n\n\n\n<p class=\"gb-headline gb-headline-acd907bf gb-headline-text\">C&rsquo;est l\u00e0 que MigrateStore intervient. C&rsquo;est l&rsquo;outil qui vous permet de <mark style=\"background-color:rgba(0, 0, 0, 0)\" class=\"has-inline-color has-accent-3-color\">gagner du temps<\/mark>, d&rsquo;<mark style=\"background-color:rgba(0, 0, 0, 0)\" class=\"has-inline-color has-accent-color\">\u00e9viter les tracas<\/mark> et de vous soulager.<\/p>\n\n<\/div>\n<\/div>\n<\/div>\n\n<div class=\"gb-container gb-container-95bcd9bc\" id=\"features\">\n<div class=\"gb-container gb-container-caf743fa\">\n\n<h3 class=\"gb-headline gb-headline-2878c88b gb-headline-text\">Caract\u00e9ristiques <mark class=\"gb-highlight\"> et<\/mark> avantages.<\/h3>\n\n\n<div class=\"gb-container gb-container-8f69badd\">\n<div class=\"gb-grid-wrapper gb-grid-wrapper-e9969647\">\n<div class=\"gb-grid-column gb-grid-column-67129cb7\"><div class=\"gb-container gb-container-67129cb7\">\n\n<h4 class=\"gb-headline gb-headline-ec0a745a\"><span class=\"gb-icon\"><svg xmlns=\"http:\/\/www.w3.org\/2000\/svg\" viewBox=\"0 0 448 512\" width=\"1em\" height=\"1em\" aria-hidden=\"true\"><path d=\"M352 240v32c0 6.6-5.4 12-12 12h-88v88c0 6.6-5.4 12-12 12h-32c-6.6 0-12-5.4-12-12v-88h-88c-6.6 0-12-5.4-12-12v-32c0-6.6 5.4-12 12-12h88v-88c0-6.6 5.4-12 12-12h32c6.6 0 12 5.4 12 12v88h88c6.6 0 12 5.4 12 12zm96-160v352c0 26.5-21.5 48-48 48H48c-26.5 0-48-21.5-48-48V80c0-26.5 21.5-48 48-48h352c26.5 0 48 21.5 48 48zm-48 346V86c0-3.3-2.7-6-6-6H54c-3.3 0-6 2.7-6 6v340c0 3.3 2.7 6 6 6h340c3.3 0 6-2.7 6-6z\" fill=\"currentColor\"><\/path><\/svg><\/span><span class=\"gb-headline-text\">Zones maritimes d&rsquo;exportation et d&rsquo;importation<\/span><\/h4>\n\n\n\n<p class=\"has-text-color\" style=\"color:#ffffff\"><\/p>\n\n<\/div><\/div>\n\n<div class=\"gb-grid-column gb-grid-column-f7af57e3\"><div class=\"gb-container gb-container-f7af57e3\">\n\n<h4 class=\"gb-headline gb-headline-9578c1fc\"><span class=\"gb-icon\"><svg xmlns=\"http:\/\/www.w3.org\/2000\/svg\" viewBox=\"0 0 448 512\" width=\"1em\" height=\"1em\" aria-hidden=\"true\"><path d=\"M352 240v32c0 6.6-5.4 12-12 12h-88v88c0 6.6-5.4 12-12 12h-32c-6.6 0-12-5.4-12-12v-88h-88c-6.6 0-12-5.4-12-12v-32c0-6.6 5.4-12 12-12h88v-88c0-6.6 5.4-12 12-12h32c6.6 0 12 5.4 12 12v88h88c6.6 0 12 5.4 12 12zm96-160v352c0 26.5-21.5 48-48 48H48c-26.5 0-48-21.5-48-48V80c0-26.5 21.5-48 48-48h352c26.5 0 48 21.5 48 48zm-48 346V86c0-3.3-2.7-6-6-6H54c-3.3 0-6 2.7-6 6v340c0 3.3 2.7 6 6 6h340c3.3 0 6-2.7 6-6z\" fill=\"currentColor\"><\/path><\/svg><\/span><span class=\"gb-headline-text\">Param\u00e8tres d&rsquo;exportation et d&rsquo;importation d&rsquo;e-mails<\/span><\/h4>\n\n\n\n<p class=\"has-text-color\" style=\"color:#ffffff\"><\/p>\n\n<\/div><\/div>\n\n<div class=\"gb-grid-column gb-grid-column-8fb3d0ec\"><div class=\"gb-container gb-container-8fb3d0ec\">\n\n<h4 class=\"gb-headline gb-headline-3cfde1cc\"><span class=\"gb-icon\"><svg xmlns=\"http:\/\/www.w3.org\/2000\/svg\" viewBox=\"0 0 448 512\" width=\"1em\" height=\"1em\" aria-hidden=\"true\"><path d=\"M352 240v32c0 6.6-5.4 12-12 12h-88v88c0 6.6-5.4 12-12 12h-32c-6.6 0-12-5.4-12-12v-88h-88c-6.6 0-12-5.4-12-12v-32c0-6.6 5.4-12 12-12h88v-88c0-6.6 5.4-12 12-12h32c6.6 0 12 5.4 12 12v88h88c6.6 0 12 5.4 12 12zm96-160v352c0 26.5-21.5 48-48 48H48c-26.5 0-48-21.5-48-48V80c0-26.5 21.5-48 48-48h352c26.5 0 48 21.5 48 48zm-48 346V86c0-3.3-2.7-6-6-6H54c-3.3 0-6 2.7-6 6v340c0 3.3 2.7 6 6 6h340c3.3 0 6-2.7 6-6z\" fill=\"currentColor\"><\/path><\/svg><\/span><span class=\"gb-headline-text\">Exportation et importation de comptes et options de confidentialit\u00e9<\/span><\/h4>\n\n\n\n<p class=\"has-text-color\" style=\"color:#ffffff\"><\/p>\n\n<\/div><\/div>\n\n<div class=\"gb-grid-column gb-grid-column-79cb68d6\"><div class=\"gb-container gb-container-79cb68d6\">\n\n<h4 class=\"gb-headline gb-headline-7afbedb7\"><span class=\"gb-icon\"><svg xmlns=\"http:\/\/www.w3.org\/2000\/svg\" viewBox=\"0 0 448 512\" width=\"1em\" height=\"1em\" aria-hidden=\"true\"><path d=\"M352 240v32c0 6.6-5.4 12-12 12h-88v88c0 6.6-5.4 12-12 12h-32c-6.6 0-12-5.4-12-12v-88h-88c-6.6 0-12-5.4-12-12v-32c0-6.6 5.4-12 12-12h88v-88c0-6.6 5.4-12 12-12h32c6.6 0 12 5.4 12 12v88h88c6.6 0 12 5.4 12 12zm96-160v352c0 26.5-21.5 48-48 48H48c-26.5 0-48-21.5-48-48V80c0-26.5 21.5-48 48-48h352c26.5 0 48 21.5 48 48zm-48 346V86c0-3.3-2.7-6-6-6H54c-3.3 0-6 2.7-6 6v340c0 3.3 2.7 6 6 6h340c3.3 0 6-2.7 6-6z\" fill=\"currentColor\"><\/path><\/svg><\/span><span class=\"gb-headline-text\">Exporter et importer tous les param\u00e8tres de Woo !<\/span><\/h4>\n\n\n\n<p class=\"has-text-color\" style=\"color:#ffffff\"><\/p>\n\n<\/div><\/div>\n<\/div>\n<\/div>\n<\/div>\n<\/div>\n\n<div class=\"gb-container gb-container-d0913f1a\" id=\"contact\">\n<div class=\"gb-container gb-container-35ab5819\">\n\n<h3 class=\"gb-headline gb-headline-1d57f268 gb-headline-text\">Qu&rsquo;attendez-vous ? Obtenez le plugin aujourd&rsquo;hui <mark class=\"gb-highlight\">gratuitement<\/mark>.<\/h3>\n\n\n\n<h4 class=\"gb-headline gb-headline-3f2e4a85 gb-headline-text\">Vous avez des questions ? Envoyez-nous un courriel \u00e0 hi@migratestore.com<\/h4>\n\n\n<div class=\"gb-container gb-container-52ed0b18\">\n\n<a class=\"gb-button gb-button-52829ed8 gb-button-text\" href=\"https:\/\/wordpress.org\/plugins\/migratestore\/\" target=\"_blank\" rel=\"noopener noreferrer\">PLUGIN DE T\u00c9L\u00c9CHARGEMENT<\/a>\n\n<\/div>\n<\/div>\n<\/div>","protected":false},"excerpt":{"rendered":"<p>Avec MigrateStore, vous pouvez exporter vos param\u00e8tres WooCommerce de vos boutiques existantes et les importer dans vos nouvelles boutiques. Gagnez du temps et utilisez MigrateStore pour exporter les param\u00e8tres g\u00e9n\u00e9raux de WooCommerce, les options d&rsquo;exp\u00e9dition et de taxe, les e-mails, etc. Ne perdez pas de temps \u00e0 mettre en place Woo&#8230; Imaginez : vous cr\u00e9ez &#8230; <a title=\"Bonjour\" class=\"read-more\" href=\"https:\/\/migratestore.com\/fr\/\" aria-label=\"Plus sur Bonjour\">Read more<\/a><\/p>\n","protected":false},"author":1,"featured_media":0,"parent":0,"menu_order":0,"comment_status":"closed","ping_status":"closed","template":"","meta":{"footnotes":""},"class_list":["post-1368","page","type-page","status-publish"],"_links":{"self":[{"href":"https:\/\/migratestore.com\/fr\/wp-json\/wp\/v2\/pages\/1368","targetHints":{"allow":["GET"]}}],"collection":[{"href":"https:\/\/migratestore.com\/fr\/wp-json\/wp\/v2\/pages"}],"about":[{"href":"https:\/\/migratestore.com\/fr\/wp-json\/wp\/v2\/types\/page"}],"author":[{"embeddable":true,"href":"https:\/\/migratestore.com\/fr\/wp-json\/wp\/v2\/users\/1"}],"replies":[{"embeddable":true,"href":"https:\/\/migratestore.com\/fr\/wp-json\/wp\/v2\/comments?post=1368"}],"version-history":[{"count":3,"href":"https:\/\/migratestore.com\/fr\/wp-json\/wp\/v2\/pages\/1368\/revisions"}],"predecessor-version":[{"id":1387,"href":"https:\/\/migratestore.com\/fr\/wp-json\/wp\/v2\/pages\/1368\/revisions\/1387"}],"wp:attachment":[{"href":"https:\/\/migratestore.com\/fr\/wp-json\/wp\/v2\/media?parent=1368"}],"curies":[{"name":"wp","href":"https:\/\/api.w.org\/{rel}","templated":true}]}}